{"id":57,"date":"2013-03-25T21:35:58","date_gmt":"2013-03-25T20:35:58","guid":{"rendered":"http:\/\/www.ecuriesdes3vallees-beauzac.com\/?page_id=57"},"modified":"2026-01-29T16:12:35","modified_gmt":"2026-01-29T15:12:35","slug":"accueil","status":"publish","type":"page","link":"https:\/\/www.ecuriesdes3vallees-beauzac.com\/","title":{"rendered":"Accueil"},"content":{"rendered":"<h2 style=\"text-align: center;\"><em><strong>Bienvenue aux \u00c9curies des 3 Vall\u00e9es !<\/strong><\/em><\/h2>\n<p><img loading=\"lazy\" decoding=\"async\" class=\"aligncenter wp-image-4047 size-large\" src=\"http:\/\/www.ecuriesdes3vallees-beauzac.com\/.\/wp-content\/uploads\/2024\/07\/20240720_102754-1024x1024.jpg\" alt=\"\" width=\"640\" height=\"640\" srcset=\"https:\/\/www.ecuriesdes3vallees-beauzac.com\/.\/wp-content\/uploads\/2024\/07\/20240720_102754-1024x1024.jpg 1024w, https:\/\/www.ecuriesdes3vallees-beauzac.com\/.\/wp-content\/uploads\/2024\/07\/20240720_102754-150x150.jpg 150w, https:\/\/www.ecuriesdes3vallees-beauzac.com\/.\/wp-content\/uploads\/2024\/07\/20240720_102754-300x300.jpg 300w, https:\/\/www.ecuriesdes3vallees-beauzac.com\/.\/wp-content\/uploads\/2024\/07\/20240720_102754-768x768.jpg 768w\" sizes=\"auto, (max-width: 640px) 100vw, 640px\" \/><\/p>\n<h2 style=\"text-align: justify;\"><strong>A quelques pas du centre de <span style=\"color: #000080;\"><a href=\"http:\/\/www.beauzac.com\/\" target=\"_blank\" rel=\"noopener noreferrer\"><span style=\"color: #000080;\">Beauzac<\/span><\/a><\/span>\u00a0dans un cadre verdoyant et une ambiance familiale, les \u00c9curies des 3 Vall\u00e9es vous proposent une \u00e9quitation de loisirs \u00e0 la port\u00e9e de tous.<\/strong><\/h2>\n<h2 style=\"text-align: justify;\"><strong>De l&rsquo;initiation au perfectionnement, du baby-poney \u00e0 l&rsquo;adulte, vous trouverez forcement le cours qui vous correspond. Nous vous proposons des <a href=\"http:\/\/www.ecuriesdes3vallees-beauzac.com\/?page_id=30\"><span style=\"color: #000080;\">activit\u00e9s<\/span><\/a> vari\u00e9es en fonction de vos attentes : cours collectifs en man\u00e8ge, travail en ext\u00e9rieur en terrain vari\u00e9, jeux, promenades, randonn\u00e9es \u00e0 la journ\u00e9e &#8230;<\/strong><\/h2>\n<h2 style=\"text-align: center;\"><strong>Notre cavalerie est compos\u00e9e de poneys et de chevaux vivant tous en troupeaux en ext\u00e9rieur.<\/strong><\/h2>\n<h2><img loading=\"lazy\" decoding=\"async\" class=\"wp-image-2731 size-large aligncenter\" src=\"http:\/\/www.ecuriesdes3vallees-beauzac.com\/.\/wp-content\/uploads\/2020\/08\/DSCN0054-1024x768.jpg\" alt=\"\" width=\"640\" height=\"480\" srcset=\"https:\/\/www.ecuriesdes3vallees-beauzac.com\/.\/wp-content\/uploads\/2020\/08\/DSCN0054-1024x768.jpg 1024w, https:\/\/www.ecuriesdes3vallees-beauzac.com\/.\/wp-content\/uploads\/2020\/08\/DSCN0054-300x225.jpg 300w\" sizes=\"auto, (max-width: 640px) 100vw, 640px\" \/><\/h2>\n<h2 style=\"text-align: center;\"><strong>Bonne visite de notre site en esp\u00e9rant vous rencontrer tr\u00e8s bient\u00f4t pour d&rsquo;agr\u00e9ables moments \u00e9questres!<\/strong><\/h2>\n<h1>\u00a0<\/h1>\n<h2 style=\"text-align: center;\"><strong>&#8230;&#8230;&#8230;&#8230;&#8230;&#8230;.<\/strong><\/h2>\n<p>&nbsp;<\/p>\n<p><img loading=\"lazy\" decoding=\"async\" class=\" wp-image-1796 aligncenter\" src=\"http:\/\/www.ecuriesdes3vallees-beauzac.com\/.\/wp-content\/uploads\/2013\/08\/web1.jpg\" alt=\"\" width=\"244\" height=\"256\" \/><\/p>\n<p align=\"CENTER\"><span style=\"font-family: Book Antiqua, serif;\"><span style=\"font-size: xx-large;\"><b>Une id\u00e9e de cadeau originale pour un anniversaire,<\/b><\/span><\/span><\/p>\n<p align=\"CENTER\"><span style=\"font-family: Book Antiqua, serif;\"><span style=\"font-size: xx-large;\"><b>Offrez de l&rsquo;\u00e9quitation gr\u00e2ce \u00e0 nos \u00ab<span style=\"color: #ff0000;\">\u00a0<\/span><span style=\"color: #cc0000;\">Bons Cadeaux Equitation\u00a0<\/span>\u00bb pour l&rsquo;activit\u00e9 ou le montant de votre choix\u00a0!<\/b><\/span><\/span><\/p>\n<h2 style=\"text-align: center;\">\u00a0<\/h2>\n<p style=\"text-align: center;\"><strong><span style=\"font-family: Book Antiqua, serif;\"><span style=\"font-size: x-large;\">A venir r\u00e9cup\u00e9rer directement au centre \u00e9questre.<\/span><\/span><\/strong><\/p>\n<p style=\"text-align: center;\"><strong><span style=\"font-family: Book Antiqua, serif;\"><span style=\"font-size: x-large;\">Si vous souhaitez plus de renseignements, contactez moi au 0646033828.\u00a0<\/span><\/span><\/strong><\/p>\n<h1 style=\"text-align: center;\"><strong>&#8230;&#8230;&#8230;&#8230;&#8230;&#8230;.<\/strong><\/h1>\n<h2 style=\"text-align: center;\">\u00a0<\/h2>\n<h2 style=\"text-align: center;\">\u00a0<\/h2>\n<p style=\"text-align: center;\"><strong>\u00a0<\/strong><\/p>\n<h2 style=\"text-align: center;\">\u00a0<\/h2>\n<h2 style=\"text-align: center;\">\u00a0<\/h2>\n<h2 style=\"text-align: center;\">\u00a0<\/h2>\n<p><!--EndFragment--><a href=\"http:\/\/www.ecuriesdes3vallees-beauzac.com\/.\/wp-content\/uploads\/2013\/05\/non-adherents.bmp\"> <img loading=\"lazy\" decoding=\"async\" class=\"aligncenter size-large wp-image-168\" src=\"http:\/\/www.ecuriesdes3vallees-beauzac.com\/.\/wp-content\/uploads\/2013\/05\/non-adherents.bmp\" alt=\"non adherents\" width=\"1\" height=\"1\" \/><\/a> \u00a0 <strong>\u00a0<\/strong><\/p>\n\n\n<p class=\"has-text-align-center has-medium-font-size\"><\/p>\n","protected":false},"excerpt":{"rendered":"<p>Bienvenue aux \u00c9curies des 3 Vall\u00e9es ! A quelques pas du centre de Beauzac\u00a0dans un cadre verdoyant et une ambiance familiale, les \u00c9curies des 3 Vall\u00e9es vous proposent une \u00e9quitation de loisirs \u00e0 la port\u00e9e de tous. De l&rsquo;initiation au perfectionnement, du baby-poney \u00e0 l&rsquo;adulte, vous trouverez forcement le cours qui vous correspond. Nous vous [&hellip;]<\/p>\n","protected":false},"author":1,"featured_media":0,"parent":0,"menu_order":0,"comment_status":"closed","ping_status":"closed","template":"full-width-page.php","meta":{"footnotes":""},"class_list":["post-57","page","type-page","status-publish","hentry"],"_links":{"self":[{"href":"https:\/\/www.ecuriesdes3vallees-beauzac.com\/index.php?rest_route=\/wp\/v2\/pages\/57","targetHints":{"allow":["GET"]}}],"collection":[{"href":"https:\/\/www.ecuriesdes3vallees-beauzac.com\/index.php?rest_route=\/wp\/v2\/pages"}],"about":[{"href":"https:\/\/www.ecuriesdes3vallees-beauzac.com\/index.php?rest_route=\/wp\/v2\/types\/page"}],"author":[{"embeddable":true,"href":"https:\/\/www.ecuriesdes3vallees-beauzac.com\/index.php?rest_route=\/wp\/v2\/users\/1"}],"replies":[{"embeddable":true,"href":"https:\/\/www.ecuriesdes3vallees-beauzac.com\/index.php?rest_route=%2Fwp%2Fv2%2Fcomments&post=57"}],"version-history":[{"count":278,"href":"https:\/\/www.ecuriesdes3vallees-beauzac.com\/index.php?rest_route=\/wp\/v2\/pages\/57\/revisions"}],"predecessor-version":[{"id":4550,"href":"https:\/\/www.ecuriesdes3vallees-beauzac.com\/index.php?rest_route=\/wp\/v2\/pages\/57\/revisions\/4550"}],"wp:attachment":[{"href":"https:\/\/www.ecuriesdes3vallees-beauzac.com\/index.php?rest_route=%2Fwp%2Fv2%2Fmedia&parent=57"}],"curies":[{"name":"wp","href":"https:\/\/api.w.org\/{rel}","templated":true}]}}