{"id":33,"date":"2013-03-25T21:08:07","date_gmt":"2013-03-25T20:08:07","guid":{"rendered":"http:\/\/www.ecuriesdes3vallees-beauzac.com\/?page_id=33"},"modified":"2018-06-26T20:24:40","modified_gmt":"2018-06-26T19:24:40","slug":"installations","status":"publish","type":"page","link":"https:\/\/www.ecuriesdes3vallees-beauzac.com\/?page_id=33","title":{"rendered":"Installations"},"content":{"rendered":"<p style=\"text-align: center;\"><span style=\"text-decoration: underline;\"><strong>Vue ext\u00e9rieure du centre \u00e9questre<\/strong><\/span><\/p>\n<p style=\"text-align: center;\"><img loading=\"lazy\" decoding=\"async\" class=\"aligncenter size-large wp-image-882\" style=\"border: 1px solid grey;\" src=\"http:\/\/www.ecuriesdes3vallees-beauzac.com\/.\/wp-content\/uploads\/2013\/11\/P1070891-e1383944034275-1024x720.jpg\" alt=\"P1070891\" width=\"640\" height=\"450\" srcset=\"https:\/\/www.ecuriesdes3vallees-beauzac.com\/.\/wp-content\/uploads\/2013\/11\/P1070891-e1383944034275-1024x720.jpg 1024w, https:\/\/www.ecuriesdes3vallees-beauzac.com\/.\/wp-content\/uploads\/2013\/11\/P1070891-e1383944034275-300x210.jpg 300w\" sizes=\"auto, (max-width: 640px) 100vw, 640px\" \/><\/p>\n<p style=\"text-align: center;\"><span style=\"text-decoration: underline;\"><strong>Les Am\u00e9nagements int\u00e9rieurs du centre \u00e9questre<\/strong><\/span><\/p>\n<p style=\"text-align: center;\"><strong>L&rsquo;accueil<\/strong><\/p>\n<p style=\"text-align: center;\"><img loading=\"lazy\" decoding=\"async\" class=\"aligncenter size-large wp-image-946\" style=\"border: 1px solid grey;\" src=\"http:\/\/www.ecuriesdes3vallees-beauzac.com\/.\/wp-content\/uploads\/2013\/03\/RIMG0017-1024x768.jpg\" alt=\"Exif_JPEG_PICTURE\" width=\"640\" height=\"480\" srcset=\"https:\/\/www.ecuriesdes3vallees-beauzac.com\/.\/wp-content\/uploads\/2013\/03\/RIMG0017-1024x768.jpg 1024w, https:\/\/www.ecuriesdes3vallees-beauzac.com\/.\/wp-content\/uploads\/2013\/03\/RIMG0017-300x225.jpg 300w\" sizes=\"auto, (max-width: 640px) 100vw, 640px\" \/><\/p>\n<p style=\"text-align: center;\"><strong>Le couloir chevaux avec les stalles et le box<\/strong><\/p>\n<p style=\"text-align: center;\"><img loading=\"lazy\" decoding=\"async\" class=\"aligncenter size-large wp-image-948\" style=\"border: 1px solid grey;\" src=\"http:\/\/www.ecuriesdes3vallees-beauzac.com\/.\/wp-content\/uploads\/2013\/03\/RIMG0004-1024x768.jpg\" alt=\"Exif_JPEG_PICTURE\" width=\"640\" height=\"480\" srcset=\"https:\/\/www.ecuriesdes3vallees-beauzac.com\/.\/wp-content\/uploads\/2013\/03\/RIMG0004-1024x768.jpg 1024w, https:\/\/www.ecuriesdes3vallees-beauzac.com\/.\/wp-content\/uploads\/2013\/03\/RIMG0004-300x225.jpg 300w\" sizes=\"auto, (max-width: 640px) 100vw, 640px\" \/><\/p>\n<p style=\"text-align: center;\"><strong>L&rsquo;accueil et le couloir poneys<\/strong><\/p>\n<p style=\"text-align: center;\"><img loading=\"lazy\" decoding=\"async\" class=\"aligncenter size-large wp-image-947\" style=\"border: 1px solid grey;\" src=\"http:\/\/www.ecuriesdes3vallees-beauzac.com\/.\/wp-content\/uploads\/2013\/03\/RIMG0005-1024x768.jpg\" alt=\"Exif_JPEG_PICTURE\" width=\"640\" height=\"480\" srcset=\"https:\/\/www.ecuriesdes3vallees-beauzac.com\/.\/wp-content\/uploads\/2013\/03\/RIMG0005-1024x768.jpg 1024w, https:\/\/www.ecuriesdes3vallees-beauzac.com\/.\/wp-content\/uploads\/2013\/03\/RIMG0005-300x225.jpg 300w\" sizes=\"auto, (max-width: 640px) 100vw, 640px\" \/><\/p>\n<p style=\"text-align: center;\"><strong>La sellerie<\/strong><\/p>\n<p style=\"text-align: center;\"><a href=\"border: 1px solid grey;\"><img loading=\"lazy\" decoding=\"async\" class=\"aligncenter size-large wp-image-945\" style=\"border: 1px solid grey;\" src=\"http:\/\/www.ecuriesdes3vallees-beauzac.com\/.\/wp-content\/uploads\/2013\/03\/RIMG0016-1024x768.jpg\" alt=\"Exif_JPEG_PICTURE\" width=\"640\" height=\"480\" srcset=\"https:\/\/www.ecuriesdes3vallees-beauzac.com\/.\/wp-content\/uploads\/2013\/03\/RIMG0016-1024x768.jpg 1024w, https:\/\/www.ecuriesdes3vallees-beauzac.com\/.\/wp-content\/uploads\/2013\/03\/RIMG0016-300x225.jpg 300w\" sizes=\"auto, (max-width: 640px) 100vw, 640px\" \/><\/a><\/p>\n<p style=\"text-align: center;\"><strong>Le man\u00e8ge couvert<\/strong><\/p>\n<p style=\"text-align: center;\"><img loading=\"lazy\" decoding=\"async\" class=\"aligncenter  wp-image-941\" style=\"border: 1px solid grey;\" src=\"http:\/\/www.ecuriesdes3vallees-beauzac.com\/.\/wp-content\/uploads\/2013\/03\/RIMG0010-1024x768.jpg\" alt=\"Exif_JPEG_PICTURE\" width=\"614\" height=\"461\" srcset=\"https:\/\/www.ecuriesdes3vallees-beauzac.com\/.\/wp-content\/uploads\/2013\/03\/RIMG0010-1024x768.jpg 1024w, https:\/\/www.ecuriesdes3vallees-beauzac.com\/.\/wp-content\/uploads\/2013\/03\/RIMG0010-300x225.jpg 300w\" sizes=\"auto, (max-width: 614px) 100vw, 614px\" \/><\/p>\n<p style=\"text-align: center;\">\n<p style=\"text-align: center;\"><strong>\u00a0le terrain de cross<\/strong>\u00a0\u00a0pou<a href=\"http:\/\/www.ecuriesdes3vallees-beauzac.com\/.\/wp-content\/uploads\/2018\/06\/20180623_170128_007.jpg\"><img loading=\"lazy\" decoding=\"async\" class=\"alignright size-medium wp-image-2111\" src=\"http:\/\/www.ecuriesdes3vallees-beauzac.com\/.\/wp-content\/uploads\/2018\/06\/20180623_170128_007-300x225.jpg\" alt=\"20180623_170128_007\" width=\"300\" height=\"225\" \/><\/a>r les cavaliers plus exp\u00e9riment\u00e9s<\/p>\n<p style=\"text-align: center;\"><a href=\"http:\/\/www.ecuriesdes3vallees-beauzac.com\/.\/wp-content\/uploads\/2013\/03\/photo-3.jpg\"><img loading=\"lazy\" decoding=\"async\" class=\"alignleft wp-image-2131 size-medium\" src=\"http:\/\/www.ecuriesdes3vallees-beauzac.com\/.\/wp-content\/uploads\/2013\/03\/photo-3-300x225.jpg\" alt=\"photo 3\" width=\"300\" height=\"225\" \/><\/a><\/p>\n<p style=\"text-align: center;\"><a href=\"http:\/\/www.ecuriesdes3vallees-beauzac.com\/.\/wp-content\/uploads\/2018\/06\/20180623_172102_015.jpg\"><img loading=\"lazy\" decoding=\"async\" class=\"alignleft wp-image-2114 size-medium\" src=\"http:\/\/www.ecuriesdes3vallees-beauzac.com\/.\/wp-content\/uploads\/2018\/06\/20180623_172102_015-300x225.jpg\" alt=\"20180623_172102_015\" width=\"300\" height=\"225\" \/><\/a><\/p>\n","protected":false},"excerpt":{"rendered":"<p>Vue ext\u00e9rieure du centre \u00e9questre Les Am\u00e9nagements int\u00e9rieurs du centre \u00e9questre L&rsquo;accueil Le couloir chevaux avec les stalles et le box L&rsquo;accueil et le couloir poneys La sellerie Le man\u00e8ge couvert \u00a0le terrain de cross\u00a0\u00a0pour les cavaliers plus exp\u00e9riment\u00e9s<\/p>\n","protected":false},"author":1,"featured_media":0,"parent":0,"menu_order":2,"comment_status":"closed","ping_status":"closed","template":"full-width-page.php","meta":{"footnotes":""},"class_list":["post-33","page","type-page","status-publish","hentry"],"_links":{"self":[{"href":"https:\/\/www.ecuriesdes3vallees-beauzac.com\/index.php?rest_route=\/wp\/v2\/pages\/33","targetHints":{"allow":["GET"]}}],"collection":[{"href":"https:\/\/www.ecuriesdes3vallees-beauzac.com\/index.php?rest_route=\/wp\/v2\/pages"}],"about":[{"href":"https:\/\/www.ecuriesdes3vallees-beauzac.com\/index.php?rest_route=\/wp\/v2\/types\/page"}],"author":[{"embeddable":true,"href":"https:\/\/www.ecuriesdes3vallees-beauzac.com\/index.php?rest_route=\/wp\/v2\/users\/1"}],"replies":[{"embeddable":true,"href":"https:\/\/www.ecuriesdes3vallees-beauzac.com\/index.php?rest_route=%2Fwp%2Fv2%2Fcomments&post=33"}],"version-history":[{"count":38,"href":"https:\/\/www.ecuriesdes3vallees-beauzac.com\/index.php?rest_route=\/wp\/v2\/pages\/33\/revisions"}],"predecessor-version":[{"id":2132,"href":"https:\/\/www.ecuriesdes3vallees-beauzac.com\/index.php?rest_route=\/wp\/v2\/pages\/33\/revisions\/2132"}],"wp:attachment":[{"href":"https:\/\/www.ecuriesdes3vallees-beauzac.com\/index.php?rest_route=%2Fwp%2Fv2%2Fmedia&parent=33"}],"curies":[{"name":"wp","href":"https:\/\/api.w.org\/{rel}","templated":true}]}}